{"id":754,"date":"2024-09-23T11:23:01","date_gmt":"2024-09-23T09:23:01","guid":{"rendered":"https:\/\/opinionleadersnetwork.at\/?page_id=754"},"modified":"2024-09-23T16:57:09","modified_gmt":"2024-09-23T14:57:09","slug":"impressum","status":"publish","type":"page","link":"https:\/\/opinionleadersnetwork.at\/index.php\/impressum\/","title":{"rendered":"Impressum"},"content":{"rendered":"\t\t<div data-elementor-type=\"wp-page\" data-elementor-id=\"754\" class=\"elementor elementor-754\" data-elementor-post-type=\"page\">\n\t\t\t\t<div class=\"elementor-element elementor-element-3df0b8ef e-flex e-con-boxed e-con e-parent\" data-id=\"3df0b8ef\" data-element_type=\"container\" data-e-type=\"container\" data-settings=\"{&quot;background_background&quot;:&quot;classic&quot;}\">\n\t\t\t\t\t<div class=\"e-con-inner\">\n\t\t\t\t<div class=\"elementor-element elementor-element-48672947 elementor-widget elementor-widget-text-editor\" data-id=\"48672947\" data-element_type=\"widget\" data-e-type=\"widget\" data-widget_type=\"text-editor.default\">\n\t\t\t\t<div class=\"elementor-widget-container\">\n\t\t\t\t\t\t\t\t\t\n<p><strong>Opinion Leaders Network GmbH<\/strong><br>Laimgrubengasse2<br>1060 Wien<br>Telefon: +43(0)1 8900885-0<br>Fax: +43(0)1 8900885-400<br>Email: office@leadersnet.at<\/p>\n\n\n\n<p><strong>Gesch\u00e4ftsf\u00fchrer: <\/strong><br>Paul Leitenm\u00fcller, Rafael Budka, Christian Zsovinecz, Andreas Jenewein (Prokurist)<br>Firmenbuchnummer: 331169 p<br>UID: ATU65134035<\/p>\n\n\n\n<p><strong>Zweigstelle Steiermark\/Salzkammergut:<\/strong><br>Neuhofen 187, 8983 Bad Mitterndorf<\/p>\n\n\n\n<p><strong>Zweigstelle M\u00fcnchen:<\/strong><br>Bavaria B\u00fcro und Business Center<br>Radlkoferstra\u00dfe 2<br>81373 M\u00fcnchen<br>Deutschland<br>Tel.: +49 (0) 89 74 11 85 \u2013 385<\/p>\n\n\n\n<p><strong>Bildnachweise:<\/strong><br>Titelbild: Urban street at night with traffic. Vienna Naschmarkt \/ \u00a9\u00a0 Von Gudellaphoto \/ stock.adobe.com<\/p>\n\t\t\t\t\t\t\t\t<\/div>\n\t\t\t\t<\/div>\n\t\t\t\t\t<\/div>\n\t\t\t\t<\/div>\n\t\t\t\t<\/div>\n\t\t","protected":false},"excerpt":{"rendered":"<p>Opinion Leaders Network GmbHLaimgrubengasse21060 WienTelefon: +43(0)1 8900885-0Fax: +43(0)1 8900885-400Email: office@leadersnet.at Gesch\u00e4ftsf\u00fchrer: Paul Leitenm\u00fcller, Rafael Budka, Christian Zsovinecz, Andreas Jenewein (Prokurist)Firmenbuchnummer: 331169 pUID: ATU65134035 Zweigstelle Steiermark\/Salzkammergut:Neuhofen 187, 8983 Bad Mitterndorf Zweigstelle M\u00fcnchen:Bavaria B\u00fcro und Business CenterRadlkoferstra\u00dfe 281373 M\u00fcnchenDeutschlandTel.: +49 (0) 89 74 11 85 \u2013 385 Bildnachweise:Titelbild: Urban street at night with traffic. Vienna Naschmarkt \/ [&hellip;]<\/p>\n","protected":false},"author":1,"featured_media":0,"parent":0,"menu_order":0,"comment_status":"closed","ping_status":"closed","template":"","meta":{"footnotes":""},"class_list":["post-754","page","type-page","status-publish","hentry"],"_links":{"self":[{"href":"https:\/\/opinionleadersnetwork.at\/index.php\/wp-json\/wp\/v2\/pages\/754","targetHints":{"allow":["GET"]}}],"collection":[{"href":"https:\/\/opinionleadersnetwork.at\/index.php\/wp-json\/wp\/v2\/pages"}],"about":[{"href":"https:\/\/opinionleadersnetwork.at\/index.php\/wp-json\/wp\/v2\/types\/page"}],"author":[{"embeddable":true,"href":"https:\/\/opinionleadersnetwork.at\/index.php\/wp-json\/wp\/v2\/users\/1"}],"replies":[{"embeddable":true,"href":"https:\/\/opinionleadersnetwork.at\/index.php\/wp-json\/wp\/v2\/comments?post=754"}],"version-history":[{"count":10,"href":"https:\/\/opinionleadersnetwork.at\/index.php\/wp-json\/wp\/v2\/pages\/754\/revisions"}],"predecessor-version":[{"id":888,"href":"https:\/\/opinionleadersnetwork.at\/index.php\/wp-json\/wp\/v2\/pages\/754\/revisions\/888"}],"wp:attachment":[{"href":"https:\/\/opinionleadersnetwork.at\/index.php\/wp-json\/wp\/v2\/media?parent=754"}],"curies":[{"name":"wp","href":"https:\/\/api.w.org\/{rel}","templated":true}]}}